{"id":1368,"date":"2023-06-02T21:12:13","date_gmt":"2023-06-02T21:12:13","guid":{"rendered":"https:\/\/taxart.wpenginepowered.com\/sector-financiero\/"},"modified":"2023-10-30T16:47:20","modified_gmt":"2023-10-30T16:47:20","slug":"sector-financiero","status":"publish","type":"page","link":"https:\/\/taxart.com.mx\/es\/sector-financiero\/","title":{"rendered":"Sector &#8211; Turismo"},"content":{"rendered":"\t\t<div data-elementor-type=\"wp-page\" data-elementor-id=\"1368\" class=\"elementor elementor-1368 elementor-685\" data-elementor-post-type=\"page\">\n\t\t\t\t\t\t<section class=\"elementor-section elementor-top-section elementor-element elementor-element-d96b4df elementor-section-height-min-height elementor-section-boxed elementor-section-height-default elementor-section-items-middle\" data-id=\"d96b4df\" data-element_type=\"section\" data-settings=\"{&quot;background_background&quot;:&quot;classic&quot;}\" data-e-bg-lazyload=\"\">\n\t\t\t\t\t\t\t<div class=\"elementor-background-overlay\"><\/div>\n\t\t\t\t\t\t\t<div class=\"elementor-container elementor-column-gap-default\">\n\t\t\t\t\t<div class=\"elementor-column elementor-col-100 elementor-top-column elementor-element elementor-element-1b33b438\" data-id=\"1b33b438\" data-element_type=\"column\">\n\t\t\t<div class=\"elementor-widget-wrap elementor-element-populated\">\n\t\t\t\t\t\t<div class=\"elementor-element elementor-element-1aa897ee elementor-widget elementor-widget-heading\" data-id=\"1aa897ee\" data-element_type=\"widget\" data-widget_type=\"heading.default\">\n\t\t\t\t<div class=\"elementor-widget-container\">\n\t\t\t<style>\/*! elementor - v3.19.0 - 07-02-2024 *\/\n.elementor-heading-title{padding:0;margin:0;line-height:1}.elementor-widget-heading .elementor-heading-title[class*=elementor-size-]>a{color:inherit;font-size:inherit;line-height:inherit}.elementor-widget-heading .elementor-heading-title.elementor-size-small{font-size:15px}.elementor-widget-heading .elementor-heading-title.elementor-size-medium{font-size:19px}.elementor-widget-heading .elementor-heading-title.elementor-size-large{font-size:29px}.elementor-widget-heading .elementor-heading-title.elementor-size-xl{font-size:39px}.elementor-widget-heading .elementor-heading-title.elementor-size-xxl{font-size:59px}<\/style><h1 class=\"elementor-heading-title elementor-size-default\">Turismo<\/h1>\t\t<\/div>\n\t\t\t\t<\/div>\n\t\t\t\t\t<\/div>\n\t\t<\/div>\n\t\t\t\t\t<\/div>\n\t\t<\/section>\n\t\t\t\t<section class=\"elementor-section elementor-top-section elementor-element elementor-element-244100c7 elementor-section-boxed elementor-section-height-default elementor-section-height-default\" data-id=\"244100c7\" data-element_type=\"section\" data-settings=\"{&quot;background_background&quot;:&quot;classic&quot;}\">\n\t\t\t\t\t\t<div class=\"elementor-container elementor-column-gap-default\">\n\t\t\t\t\t<div class=\"elementor-column elementor-col-100 elementor-top-column elementor-element elementor-element-2727f936\" data-id=\"2727f936\" data-element_type=\"column\">\n\t\t\t<div class=\"elementor-widget-wrap elementor-element-populated\">\n\t\t\t\t\t\t<div class=\"elementor-element elementor-element-3486fd31 elementor-widget elementor-widget-heading\" data-id=\"3486fd31\" data-element_type=\"widget\" data-widget_type=\"heading.default\">\n\t\t\t\t<div class=\"elementor-widget-container\">\n\t\t\t<h6 class=\"elementor-heading-title elementor-size-default\">Qu\u00e9 ofrecemos<\/h6>\t\t<\/div>\n\t\t\t\t<\/div>\n\t\t\t\t<div class=\"elementor-element elementor-element-5ad30b83 elementor-widget elementor-widget-heading\" data-id=\"5ad30b83\" data-element_type=\"widget\" data-widget_type=\"heading.default\">\n\t\t\t\t<div class=\"elementor-widget-container\">\n\t\t\t<h3 class=\"elementor-heading-title elementor-size-default\">Los hoteles, los restaurantes, las empresas de gesti\u00f3n de destinos y las actividades de atracci\u00f3n tur\u00edstica son partes integrantes del mercado tur\u00edstico y constituyen la principal fuente de ingresos de los destinos tur\u00edsticos en M\u00e9xico. Dadas las exigentes operaciones de este sector, puede ser necesario realizar an\u00e1lisis financieros, jur\u00eddicos y fiscales para lograr un rendimiento \u00f3ptimo e impulsar futuras inversiones en el mercado.<\/h3>\t\t<\/div>\n\t\t\t\t<\/div>\n\t\t\t\t\t<\/div>\n\t\t<\/div>\n\t\t\t\t\t<\/div>\n\t\t<\/section>\n\t\t\t\t<section class=\"elementor-section elementor-top-section elementor-element elementor-element-30e5c350 elementor-section-boxed elementor-section-height-default elementor-section-height-default\" data-id=\"30e5c350\" data-element_type=\"section\">\n\t\t\t\t\t\t<div class=\"elementor-container elementor-column-gap-default\">\n\t\t\t\t\t<div class=\"elementor-column elementor-col-50 elementor-top-column elementor-element elementor-element-16568131\" data-id=\"16568131\" data-element_type=\"column\">\n\t\t\t<div class=\"elementor-widget-wrap elementor-element-populated\">\n\t\t\t\t\t\t<div class=\"elementor-element elementor-element-2b65dbb elementor-widget elementor-widget-image\" data-id=\"2b65dbb\" data-element_type=\"widget\" data-widget_type=\"image.default\">\n\t\t\t\t<div class=\"elementor-widget-container\">\n\t\t\t<style>\/*! elementor - v3.19.0 - 07-02-2024 *\/\n.elementor-widget-image{text-align:center}.elementor-widget-image a{display:inline-block}.elementor-widget-image a img[src$=\".svg\"]{width:48px}.elementor-widget-image img{vertical-align:middle;display:inline-block}<\/style>\t\t\t\t\t\t\t\t\t\t<img fetchpriority=\"high\" decoding=\"async\" width=\"800\" height=\"534\" src=\"https:\/\/taxart.com.mx\/wp-content\/uploads\/2023\/09\/AdobeStock_410648405_Preview.jpeg\" class=\"attachment-large size-large wp-image-1561\" alt=\"\" srcset=\"https:\/\/taxart.com.mx\/wp-content\/uploads\/2023\/09\/AdobeStock_410648405_Preview.jpeg 1000w, https:\/\/taxart.com.mx\/wp-content\/uploads\/2023\/09\/AdobeStock_410648405_Preview-300x200.jpeg 300w, https:\/\/taxart.com.mx\/wp-content\/uploads\/2023\/09\/AdobeStock_410648405_Preview-768x513.jpeg 768w\" sizes=\"(max-width: 800px) 100vw, 800px\" \/>\t\t\t\t\t\t\t\t\t\t\t\t\t<\/div>\n\t\t\t\t<\/div>\n\t\t\t\t\t<\/div>\n\t\t<\/div>\n\t\t\t\t<div class=\"elementor-column elementor-col-50 elementor-top-column elementor-element elementor-element-5237bd74\" data-id=\"5237bd74\" data-element_type=\"column\">\n\t\t\t<div class=\"elementor-widget-wrap elementor-element-populated\">\n\t\t\t\t\t\t<div class=\"elementor-element elementor-element-1d934a7e elementor-widget elementor-widget-text-editor\" data-id=\"1d934a7e\" data-element_type=\"widget\" data-widget_type=\"text-editor.default\">\n\t\t\t\t<div class=\"elementor-widget-container\">\n\t\t\t<style>\/*! elementor - v3.19.0 - 07-02-2024 *\/\n.elementor-widget-text-editor.elementor-drop-cap-view-stacked .elementor-drop-cap{background-color:#69727d;color:#fff}.elementor-widget-text-editor.elementor-drop-cap-view-framed .elementor-drop-cap{color:#69727d;border:3px solid;background-color:transparent}.elementor-widget-text-editor:not(.elementor-drop-cap-view-default) .elementor-drop-cap{margin-top:8px}.elementor-widget-text-editor:not(.elementor-drop-cap-view-default) .elementor-drop-cap-letter{width:1em;height:1em}.elementor-widget-text-editor .elementor-drop-cap{float:left;text-align:center;line-height:1;font-size:50px}.elementor-widget-text-editor .elementor-drop-cap-letter{display:inline-block}<\/style>\t\t\t\t<p>Tax Art, con oficinas ubicadas en algunos de los destinos tur\u00edsticos m\u00e1s grandes y vibrantes de M\u00e9xico, est\u00e1 profundamente arraigada en el sector tur\u00edstico, aprovechando su amplia experiencia para ofrecer servicios adaptados a las necesidades \u00fanicas de esta industria. Proporcionamos an\u00e1lisis exhaustivos de identificaci\u00f3n de riesgos, previsiones, presupuestos, planes de crecimiento y mucho m\u00e1s, garantizando un crecimiento oportuno y una mayor penetraci\u00f3n en el mercado. Nuestra presencia en los principales centros tur\u00edsticos nos permite tener una comprensi\u00f3n matizada de la din\u00e1mica del mercado local y del panorama normativo, lo que nos permite ofrecer ideas y soluciones que son a la vez pertinentes e impactantes. Al mejorar el rendimiento y la sostenibilidad de las empresas del sector de la hosteler\u00eda y el turismo, contribuimos a reforzar la prosperidad econ\u00f3mica y cultural de estos destinos.<\/p>\n\t\t\t\t\t\t<\/div>\n\t\t\t\t<\/div>\n\t\t\t\t\t<\/div>\n\t\t<\/div>\n\t\t\t\t\t<\/div>\n\t\t<\/section>\n\t\t\t\t<\/div>\n\t\t","protected":false},"excerpt":{"rendered":"<p>Turismo Qu\u00e9 ofrecemos Los hoteles, los restaurantes, las empresas de gesti\u00f3n de destinos y las actividades de atracci\u00f3n tur\u00edstica son partes integrantes del mercado tur\u00edstico y constituyen la principal fuente de ingresos de los destinos tur\u00edsticos en M\u00e9xico. Dadas las exigentes operaciones de este sector, puede ser necesario realizar an\u00e1lisis financieros, jur\u00eddicos y fiscales para [&hellip;]<\/p>\n","protected":false},"author":5,"featured_media":0,"parent":0,"menu_order":0,"comment_status":"closed","ping_status":"closed","template":"","meta":{"footnotes":""},"class_list":["post-1368","page","type-page","status-publish","hentry"],"_links":{"self":[{"href":"https:\/\/taxart.com.mx\/es\/wp-json\/wp\/v2\/pages\/1368","targetHints":{"allow":["GET"]}}],"collection":[{"href":"https:\/\/taxart.com.mx\/es\/wp-json\/wp\/v2\/pages"}],"about":[{"href":"https:\/\/taxart.com.mx\/es\/wp-json\/wp\/v2\/types\/page"}],"author":[{"embeddable":true,"href":"https:\/\/taxart.com.mx\/es\/wp-json\/wp\/v2\/users\/5"}],"replies":[{"embeddable":true,"href":"https:\/\/taxart.com.mx\/es\/wp-json\/wp\/v2\/comments?post=1368"}],"version-history":[{"count":0,"href":"https:\/\/taxart.com.mx\/es\/wp-json\/wp\/v2\/pages\/1368\/revisions"}],"wp:attachment":[{"href":"https:\/\/taxart.com.mx\/es\/wp-json\/wp\/v2\/media?parent=1368"}],"curies":[{"name":"wp","href":"https:\/\/api.w.org\/{rel}","templated":true}]}}